{"id":451,"date":"2016-09-01T15:08:54","date_gmt":"2016-09-01T13:08:54","guid":{"rendered":"https:\/\/staging.traiteur-remon.be\/menu\/kaas\/"},"modified":"2017-07-20T13:42:01","modified_gmt":"2017-07-20T11:42:01","slug":"fromage","status":"publish","type":"page","link":"https:\/\/www.traiteur-remon.be\/fr\/menu\/fromage\/","title":{"rendered":"Fromage"},"content":{"rendered":"<h4>Plateau de fromages Dessert<\/h4>\n<ul>\n<li>Assortiment de fromages fins<\/li>\n<li>Plateau d\u00e9cor\u00e9 de fruits frais et secs<\/li>\n<li>150 gr de fromage par personne<\/li>\n<\/ul>\n<h4>Plateau de fromages Plat principal<\/h4>\n<ul>\n<li>Assortiment de fromages fins<\/li>\n<li>Plateau d\u00e9cor\u00e9 de fruits frais et secs<\/li>\n<li>300 gr de fromage par personne<\/li>\n<\/ul>\n<h4>Avec des petits pains et du beurre<\/h4>\n<p>Nous avons soigneusement s\u00e9lectionn\u00e9 nos fromages dans l\u2019assortiment du plus grand march\u00e9 de fromage de l\u2019Europe, \u00e0 savoir le March\u00e9 du Frais de Rungis, situ\u00e9 en bordure de Paris, ainsi que dans les chambres d\u2019affinage de Michel Van Tricht, l\u2019affineur de fromages le plus fameux de notre pays.<\/p>\n<p>Notre offre suit le rythme des saisons.<\/p>\n","protected":false},"excerpt":{"rendered":"<p>Plateau de fromages Dessert Assortiment de fromages fins Plateau d\u00e9cor\u00e9 de fruits frais et secs 150 gr de fromage par personne Plateau de fromages Plat principal Assortiment de fromages fins Plateau d\u00e9cor\u00e9 de fruits frais et secs 300 gr de fromage par personne Avec des petits pains et du beurre Nous avons soigneusement s\u00e9lectionn\u00e9 nos &hellip; <a href=\"https:\/\/www.traiteur-remon.be\/fr\/menu\/fromage\/\">Continued<\/a><\/p>\n","protected":false},"author":1,"featured_media":155,"parent":446,"menu_order":0,"comment_status":"closed","ping_status":"closed","template":"","meta":{"_acf_changed":false,"footnotes":""},"class_list":["post-451","page","type-page","status-publish","has-post-thumbnail","hentry"],"acf":[],"yoast_head":"<!-- This site is optimized with the Yoast SEO plugin v26.6 - https:\/\/yoast.com\/wordpress\/plugins\/seo\/ -->\n<title>Fromage - Traiteur Remon<\/title>\n<meta name=\"robots\" content=\"index, follow, max-snippet:-1, max-image-preview:large, max-video-preview:-1\" \/>\n<link rel=\"canonical\" href=\"https:\/\/www.traiteur-remon.be\/fr\/menu\/fromage\/\" \/>\n<meta property=\"og:locale\" content=\"fr_FR\" \/>\n<meta property=\"og:type\" content=\"article\" \/>\n<meta property=\"og:title\" content=\"Fromage - Traiteur Remon\" \/>\n<meta property=\"og:description\" content=\"Plateau de fromages Dessert Assortiment de fromages fins Plateau d\u00e9cor\u00e9 de fruits frais et secs 150 gr de fromage par personne Plateau de fromages Plat principal Assortiment de fromages fins Plateau d\u00e9cor\u00e9 de fruits frais et secs 300 gr de fromage par personne Avec des petits pains et du beurre Nous avons soigneusement s\u00e9lectionn\u00e9 nos &hellip; Continued\" \/>\n<meta property=\"og:url\" content=\"https:\/\/www.traiteur-remon.be\/fr\/menu\/fromage\/\" \/>\n<meta property=\"og:site_name\" content=\"Traiteur Remon\" \/>\n<meta property=\"article:modified_time\" content=\"2017-07-20T11:42:01+00:00\" \/>\n<meta property=\"og:image\" content=\"https:\/\/www.traiteur-remon.be\/wp-content\/uploads\/2016\/09\/Traiteur_remon_cheese-1.jpeg\" \/>\n\t<meta property=\"og:image:width\" content=\"1872\" \/>\n\t<meta property=\"og:image:height\" content=\"993\" \/>\n\t<meta property=\"og:image:type\" content=\"image\/jpeg\" \/>\n<meta name=\"twitter:card\" content=\"summary_large_image\" \/>\n<meta name=\"twitter:label1\" content=\"Dur\u00e9e de lecture estim\u00e9e\" \/>\n\t<meta name=\"twitter:data1\" content=\"1 minute\" \/>\n<script type=\"application\/ld+json\" class=\"yoast-schema-graph\">{\"@context\":\"https:\/\/schema.org\",\"@graph\":[{\"@type\":\"WebPage\",\"@id\":\"https:\/\/www.traiteur-remon.be\/fr\/menu\/fromage\/\",\"url\":\"https:\/\/www.traiteur-remon.be\/fr\/menu\/fromage\/\",\"name\":\"Fromage - Traiteur Remon\",\"isPartOf\":{\"@id\":\"https:\/\/www.traiteur-remon.be\/#website\"},\"primaryImageOfPage\":{\"@id\":\"https:\/\/www.traiteur-remon.be\/fr\/menu\/fromage\/#primaryimage\"},\"image\":{\"@id\":\"https:\/\/www.traiteur-remon.be\/fr\/menu\/fromage\/#primaryimage\"},\"thumbnailUrl\":\"https:\/\/www.traiteur-remon.be\/wp-content\/uploads\/2016\/09\/Traiteur_remon_cheese-1.jpeg\",\"datePublished\":\"2016-09-01T13:08:54+00:00\",\"dateModified\":\"2017-07-20T11:42:01+00:00\",\"breadcrumb\":{\"@id\":\"https:\/\/www.traiteur-remon.be\/fr\/menu\/fromage\/#breadcrumb\"},\"inLanguage\":\"fr-FR\",\"potentialAction\":[{\"@type\":\"ReadAction\",\"target\":[\"https:\/\/www.traiteur-remon.be\/fr\/menu\/fromage\/\"]}]},{\"@type\":\"ImageObject\",\"inLanguage\":\"fr-FR\",\"@id\":\"https:\/\/www.traiteur-remon.be\/fr\/menu\/fromage\/#primaryimage\",\"url\":\"https:\/\/www.traiteur-remon.be\/wp-content\/uploads\/2016\/09\/Traiteur_remon_cheese-1.jpeg\",\"contentUrl\":\"https:\/\/www.traiteur-remon.be\/wp-content\/uploads\/2016\/09\/Traiteur_remon_cheese-1.jpeg\",\"width\":1872,\"height\":993,\"caption\":\"6db1e9a3-375b-48ae-9a79-137762f796f9\"},{\"@type\":\"BreadcrumbList\",\"@id\":\"https:\/\/www.traiteur-remon.be\/fr\/menu\/fromage\/#breadcrumb\",\"itemListElement\":[{\"@type\":\"ListItem\",\"position\":1,\"name\":\"Home\",\"item\":\"https:\/\/www.traiteur-remon.be\/fr\/\"},{\"@type\":\"ListItem\",\"position\":2,\"name\":\"Menu\",\"item\":\"https:\/\/www.traiteur-remon.be\/fr\/menu\/\"},{\"@type\":\"ListItem\",\"position\":3,\"name\":\"Fromage\"}]},{\"@type\":\"WebSite\",\"@id\":\"https:\/\/www.traiteur-remon.be\/#website\",\"url\":\"https:\/\/www.traiteur-remon.be\/\",\"name\":\"Traiteur Remon\",\"description\":\"\",\"potentialAction\":[{\"@type\":\"SearchAction\",\"target\":{\"@type\":\"EntryPoint\",\"urlTemplate\":\"https:\/\/www.traiteur-remon.be\/?s={search_term_string}\"},\"query-input\":{\"@type\":\"PropertyValueSpecification\",\"valueRequired\":true,\"valueName\":\"search_term_string\"}}],\"inLanguage\":\"fr-FR\"}]}<\/script>\n<!-- \/ Yoast SEO plugin. -->","yoast_head_json":{"title":"Fromage - Traiteur Remon","robots":{"index":"index","follow":"follow","max-snippet":"max-snippet:-1","max-image-preview":"max-image-preview:large","max-video-preview":"max-video-preview:-1"},"canonical":"https:\/\/www.traiteur-remon.be\/fr\/menu\/fromage\/","og_locale":"fr_FR","og_type":"article","og_title":"Fromage - Traiteur Remon","og_description":"Plateau de fromages Dessert Assortiment de fromages fins Plateau d\u00e9cor\u00e9 de fruits frais et secs 150 gr de fromage par personne Plateau de fromages Plat principal Assortiment de fromages fins Plateau d\u00e9cor\u00e9 de fruits frais et secs 300 gr de fromage par personne Avec des petits pains et du beurre Nous avons soigneusement s\u00e9lectionn\u00e9 nos &hellip; Continued","og_url":"https:\/\/www.traiteur-remon.be\/fr\/menu\/fromage\/","og_site_name":"Traiteur Remon","article_modified_time":"2017-07-20T11:42:01+00:00","og_image":[{"width":1872,"height":993,"url":"https:\/\/www.traiteur-remon.be\/wp-content\/uploads\/2016\/09\/Traiteur_remon_cheese-1.jpeg","type":"image\/jpeg"}],"twitter_card":"summary_large_image","twitter_misc":{"Dur\u00e9e de lecture estim\u00e9e":"1 minute"},"schema":{"@context":"https:\/\/schema.org","@graph":[{"@type":"WebPage","@id":"https:\/\/www.traiteur-remon.be\/fr\/menu\/fromage\/","url":"https:\/\/www.traiteur-remon.be\/fr\/menu\/fromage\/","name":"Fromage - Traiteur Remon","isPartOf":{"@id":"https:\/\/www.traiteur-remon.be\/#website"},"primaryImageOfPage":{"@id":"https:\/\/www.traiteur-remon.be\/fr\/menu\/fromage\/#primaryimage"},"image":{"@id":"https:\/\/www.traiteur-remon.be\/fr\/menu\/fromage\/#primaryimage"},"thumbnailUrl":"https:\/\/www.traiteur-remon.be\/wp-content\/uploads\/2016\/09\/Traiteur_remon_cheese-1.jpeg","datePublished":"2016-09-01T13:08:54+00:00","dateModified":"2017-07-20T11:42:01+00:00","breadcrumb":{"@id":"https:\/\/www.traiteur-remon.be\/fr\/menu\/fromage\/#breadcrumb"},"inLanguage":"fr-FR","potentialAction":[{"@type":"ReadAction","target":["https:\/\/www.traiteur-remon.be\/fr\/menu\/fromage\/"]}]},{"@type":"ImageObject","inLanguage":"fr-FR","@id":"https:\/\/www.traiteur-remon.be\/fr\/menu\/fromage\/#primaryimage","url":"https:\/\/www.traiteur-remon.be\/wp-content\/uploads\/2016\/09\/Traiteur_remon_cheese-1.jpeg","contentUrl":"https:\/\/www.traiteur-remon.be\/wp-content\/uploads\/2016\/09\/Traiteur_remon_cheese-1.jpeg","width":1872,"height":993,"caption":"6db1e9a3-375b-48ae-9a79-137762f796f9"},{"@type":"BreadcrumbList","@id":"https:\/\/www.traiteur-remon.be\/fr\/menu\/fromage\/#breadcrumb","itemListElement":[{"@type":"ListItem","position":1,"name":"Home","item":"https:\/\/www.traiteur-remon.be\/fr\/"},{"@type":"ListItem","position":2,"name":"Menu","item":"https:\/\/www.traiteur-remon.be\/fr\/menu\/"},{"@type":"ListItem","position":3,"name":"Fromage"}]},{"@type":"WebSite","@id":"https:\/\/www.traiteur-remon.be\/#website","url":"https:\/\/www.traiteur-remon.be\/","name":"Traiteur Remon","description":"","potentialAction":[{"@type":"SearchAction","target":{"@type":"EntryPoint","urlTemplate":"https:\/\/www.traiteur-remon.be\/?s={search_term_string}"},"query-input":{"@type":"PropertyValueSpecification","valueRequired":true,"valueName":"search_term_string"}}],"inLanguage":"fr-FR"}]}},"_links":{"self":[{"href":"https:\/\/www.traiteur-remon.be\/fr\/wp-json\/wp\/v2\/pages\/451","targetHints":{"allow":["GET"]}}],"collection":[{"href":"https:\/\/www.traiteur-remon.be\/fr\/wp-json\/wp\/v2\/pages"}],"about":[{"href":"https:\/\/www.traiteur-remon.be\/fr\/wp-json\/wp\/v2\/types\/page"}],"author":[{"embeddable":true,"href":"https:\/\/www.traiteur-remon.be\/fr\/wp-json\/wp\/v2\/users\/1"}],"replies":[{"embeddable":true,"href":"https:\/\/www.traiteur-remon.be\/fr\/wp-json\/wp\/v2\/comments?post=451"}],"version-history":[{"count":2,"href":"https:\/\/www.traiteur-remon.be\/fr\/wp-json\/wp\/v2\/pages\/451\/revisions"}],"predecessor-version":[{"id":474,"href":"https:\/\/www.traiteur-remon.be\/fr\/wp-json\/wp\/v2\/pages\/451\/revisions\/474"}],"up":[{"embeddable":true,"href":"https:\/\/www.traiteur-remon.be\/fr\/wp-json\/wp\/v2\/pages\/446"}],"wp:featuredmedia":[{"embeddable":true,"href":"https:\/\/www.traiteur-remon.be\/fr\/wp-json\/wp\/v2\/media\/155"}],"wp:attachment":[{"href":"https:\/\/www.traiteur-remon.be\/fr\/wp-json\/wp\/v2\/media?parent=451"}],"curies":[{"name":"wp","href":"https:\/\/api.w.org\/{rel}","templated":true}]}}